{"id":2,"date":"2024-08-14T12:25:40","date_gmt":"2024-08-14T12:25:40","guid":{"rendered":"https:\/\/nettkursxyz.no\/web\/?page_id=2"},"modified":"2025-01-26T11:54:46","modified_gmt":"2025-01-26T11:54:46","slug":"moodlebox","status":"publish","type":"page","link":"https:\/\/nettkursxyz.no\/web\/?page_id=2","title":{"rendered":"MoodleBox"},"content":{"rendered":"\n<p class=\"has-text-align-center\">Vi leverer n\u00f8kkelferdig system <br>med nettbrett og <\/p>\n\n\n\n<p class=\"has-text-align-center\">l\u00e6ringsplattform p\u00e5 en liten datamaskin. <\/p>\n\n\n\n<p class=\"has-text-align-center\">(Raspberry Pi)<\/p>\n\n\n\n<blockquote class=\"wp-block-quote is-layout-flow wp-block-quote-is-layout-flow\">\n<p>Med MoodleBox trenger du ikke \u00e5 bekymre deg for nettverk eller andre driftsutfordringer. Du kobler den lille boksen til str\u00f8m og tr\u00e5dl\u00f8st nettverk med digital l\u00e6ringsplattform vil v\u00e6re tilgjengelig.<\/p>\n<\/blockquote>\n\n\n\n<figure class=\"wp-block-image size-full\"><img loading=\"lazy\" decoding=\"async\" width=\"640\" height=\"352\" src=\"https:\/\/nettkursxyz.no\/web\/wp-content\/uploads\/2024\/08\/moodlebox_small-versatile.webp\" alt=\"\" class=\"wp-image-17\" srcset=\"https:\/\/nettkursxyz.no\/web\/wp-content\/uploads\/2024\/08\/moodlebox_small-versatile.webp 640w, https:\/\/nettkursxyz.no\/web\/wp-content\/uploads\/2024\/08\/moodlebox_small-versatile-300x165.webp 300w\" sizes=\"auto, (max-width: 640px) 100vw, 640px\" \/><\/figure>\n\n\n\n<blockquote class=\"wp-block-quote is-layout-flow wp-block-quote-is-layout-flow\">\n<p>Med de medf\u00f8lgende nettbrettene har deltakerne direkte tilgang p\u00e5 en enkel m\u00e5te. <\/p>\n<\/blockquote>\n\n\n\n<p class=\"has-text-align-center\">Vil du h\u00f8re mer?<\/p>\n\n\n\n<div class=\"wp-block-buttons is-content-justification-center is-layout-flex wp-container-core-buttons-is-layout-a89b3969 wp-block-buttons-is-layout-flex\">\n<div class=\"wp-block-button\"><a class=\"wp-block-button__link wp-element-button\">Book kartleggingssamtale<\/a><\/div>\n<\/div>\n\n\n\n<p><\/p>\n","protected":false},"excerpt":{"rendered":"<p>Vi leverer n\u00f8kkelferdig system med nettbrett og l\u00e6ringsplattform p\u00e5 en liten datamaskin. (Raspberry Pi) Med MoodleBox trenger du ikke \u00e5 bekymre deg for nettverk eller andre driftsutfordringer. Du kobler den lille boksen til str\u00f8m og tr\u00e5dl\u00f8st nettverk med digital l\u00e6ringsplattform vil v\u00e6re tilgjengelig. Med de medf\u00f8lgende nettbrettene har deltakerne direkte tilgang p\u00e5 en enkel m\u00e5te. [&hellip;]<\/p>\n","protected":false},"author":1,"featured_media":0,"parent":0,"menu_order":0,"comment_status":"closed","ping_status":"closed","template":"wp-custom-template-standard-nettkurs-xyz-side","meta":{"footnotes":""},"class_list":["post-2","page","type-page","status-publish","hentry"],"_links":{"self":[{"href":"https:\/\/nettkursxyz.no\/web\/index.php?rest_route=\/wp\/v2\/pages\/2","targetHints":{"allow":["GET"]}}],"collection":[{"href":"https:\/\/nettkursxyz.no\/web\/index.php?rest_route=\/wp\/v2\/pages"}],"about":[{"href":"https:\/\/nettkursxyz.no\/web\/index.php?rest_route=\/wp\/v2\/types\/page"}],"author":[{"embeddable":true,"href":"https:\/\/nettkursxyz.no\/web\/index.php?rest_route=\/wp\/v2\/users\/1"}],"replies":[{"embeddable":true,"href":"https:\/\/nettkursxyz.no\/web\/index.php?rest_route=%2Fwp%2Fv2%2Fcomments&post=2"}],"version-history":[{"count":4,"href":"https:\/\/nettkursxyz.no\/web\/index.php?rest_route=\/wp\/v2\/pages\/2\/revisions"}],"predecessor-version":[{"id":256,"href":"https:\/\/nettkursxyz.no\/web\/index.php?rest_route=\/wp\/v2\/pages\/2\/revisions\/256"}],"wp:attachment":[{"href":"https:\/\/nettkursxyz.no\/web\/index.php?rest_route=%2Fwp%2Fv2%2Fmedia&parent=2"}],"curies":[{"name":"wp","href":"https:\/\/api.w.org\/{rel}","templated":true}]}}